{"id":5594,"date":"2023-08-03T16:21:17","date_gmt":"2023-08-03T23:21:17","guid":{"rendered":"https:\/\/steac.org\/noticias\/"},"modified":"2024-01-04T14:34:47","modified_gmt":"2024-01-04T22:34:47","slug":"noticias","status":"publish","type":"page","link":"https:\/\/steac.org\/es\/noticias\/","title":{"rendered":"Noticias"},"content":{"rendered":"\t\t<div data-elementor-type=\"wp-page\" data-elementor-id=\"5594\" class=\"elementor elementor-5594 elementor-3084\" data-elementor-post-type=\"page\">\n\t\t\t\t<div class=\"elementor-element elementor-element-99340b4 e-con-full e-flex e-con e-parent\" data-id=\"99340b4\" data-element_type=\"container\" data-e-type=\"container\" data-settings=\"{&quot;background_background&quot;:&quot;classic&quot;}\">\n\t\t<div class=\"elementor-element elementor-element-0e861a3 c-box e-flex e-con-boxed e-con e-child\" data-id=\"0e861a3\" data-element_type=\"container\" data-e-type=\"container\" data-settings=\"{&quot;background_background&quot;:&quot;classic&quot;}\">\n\t\t\t\t\t<div class=\"e-con-inner\">\n\t\t\t\t<div class=\"elementor-element elementor-element-b18c3a3 elementor-widget elementor-widget-heading\" data-id=\"b18c3a3\" data-element_type=\"widget\" data-e-type=\"widget\" data-widget_type=\"heading.default\">\n\t\t\t\t<div class=\"elementor-widget-container\">\n\t\t\t\t\t<h1 class=\"elementor-heading-title elementor-size-default\">Dedicados a hacer de <span style=\"font-weight: bold\">nuestra comunidad<\/span> un lugar mejor<\/h1>\t\t\t\t<\/div>\n\t\t\t\t<\/div>\n\t\t\t\t<div class=\"elementor-element elementor-element-1792388 elementor-widget elementor-widget-text-editor\" data-id=\"1792388\" data-element_type=\"widget\" data-e-type=\"widget\" data-widget_type=\"text-editor.default\">\n\t\t\t\t<div class=\"elementor-widget-container\">\n\t\t\t\t\t\t\t\t\t<p>Llega a cientos de residentes del condado de Yolo, proporcion\u00e1ndoles ayuda con el alquiler y el pago de facturas, ropa de trabajo y para entrevistas, libros para estudiantes universitarios de la comunidad con bajos ingresos, formaci\u00f3n laboral, despensa de alimentos, paquetes de comida para ni\u00f1os y mucho m\u00e1s.<\/p>\n\t\t\t\t\t\t\t\t<\/div>\n\t\t\t\t<\/div>\n\t\t<div class=\"elementor-element elementor-element-6fa4431 e-flex e-con-boxed e-con e-child\" data-id=\"6fa4431\" data-element_type=\"container\" data-e-type=\"container\">\n\t\t\t\t\t<div class=\"e-con-inner\">\n\t\t<div class=\"elementor-element elementor-element-29b64f4 e-con-full e-flex e-con e-child\" data-id=\"29b64f4\" data-element_type=\"container\" data-e-type=\"container\">\n\t\t\t\t<div class=\"elementor-element elementor-element-8fe3d81 elementor-widget elementor-widget-image\" data-id=\"8fe3d81\" data-element_type=\"widget\" data-e-type=\"widget\" data-widget_type=\"image.default\">\n\t\t\t\t<div class=\"elementor-widget-container\">\n\t\t\t\t\t\t\t\t\t\t\t\t\t\t\t<img decoding=\"async\" width=\"1\" height=\"1\" src=\"https:\/\/steac.org\/wp-content\/uploads\/2023\/08\/mans-head-profile-imange-1.svg\" class=\"attachment-large size-large wp-image-4481\" alt=\"\" \/>\t\t\t\t\t\t\t\t\t\t\t\t\t\t\t<\/div>\n\t\t\t\t<\/div>\n\t\t\t\t<\/div>\n\t\t<div class=\"elementor-element elementor-element-ec87543 e-con-full e-flex e-con e-child\" data-id=\"ec87543\" data-element_type=\"container\" data-e-type=\"container\">\n\t\t\t\t<div class=\"elementor-element elementor-element-00cf273 elementor-widget elementor-widget-text-editor\" data-id=\"00cf273\" data-element_type=\"widget\" data-e-type=\"widget\" data-widget_type=\"text-editor.default\">\n\t\t\t\t<div class=\"elementor-widget-container\">\n\t\t\t\t\t\t\t\t\t<p>\u00abEs muy satisfactorio tener contacto directo con las personas a las que ayudamos y conocer sus historias\u00bb<\/p>\n\t\t\t\t\t\t\t\t<\/div>\n\t\t\t\t<\/div>\n\t\t\t\t<div class=\"elementor-element elementor-element-6c62229 remove-paragraph-margin-pls elementor-widget elementor-widget-text-editor\" data-id=\"6c62229\" data-element_type=\"widget\" data-e-type=\"widget\" data-widget_type=\"text-editor.default\">\n\t\t\t\t<div class=\"elementor-widget-container\">\n\t\t\t\t\t\t\t\t\t<p>Vivki M.<\/p>\n\t\t\t\t\t\t\t\t<\/div>\n\t\t\t\t<\/div>\n\t\t\t\t<div class=\"elementor-element elementor-element-af1f22d elementor-widget elementor-widget-text-editor\" data-id=\"af1f22d\" data-element_type=\"widget\" data-e-type=\"widget\" data-widget_type=\"text-editor.default\">\n\t\t\t\t<div class=\"elementor-widget-container\">\n\t\t\t\t\t\t\t\t\t<p>STEAC Voluntario<\/p>\n\t\t\t\t\t\t\t\t<\/div>\n\t\t\t\t<\/div>\n\t\t\t\t<\/div>\n\t\t\t\t\t<\/div>\n\t\t\t\t<\/div>\n\t\t\t\t\t<\/div>\n\t\t\t\t<\/div>\n\t\t<div class=\"elementor-element elementor-element-61deb7e e-con-full elementor-hidden-mobile e-flex e-con e-child\" data-id=\"61deb7e\" data-element_type=\"container\" data-e-type=\"container\" data-settings=\"{&quot;background_background&quot;:&quot;classic&quot;}\">\n\t\t\t\t<div class=\"elementor-element elementor-element-a2cf642 elementor-widget elementor-widget-image\" data-id=\"a2cf642\" data-element_type=\"widget\" data-e-type=\"widget\" data-widget_type=\"image.default\">\n\t\t\t\t<div class=\"elementor-widget-container\">\n\t\t\t\t\t\t\t\t\t\t\t\t\t\t\t<img fetchpriority=\"high\" decoding=\"async\" width=\"750\" height=\"750\" src=\"https:\/\/steac.org\/wp-content\/uploads\/2023\/08\/Group-24.png\" class=\"attachment-large size-large wp-image-3354\" alt=\"STEAC green bags\" srcset=\"https:\/\/steac.org\/wp-content\/uploads\/2023\/08\/Group-24.png 750w, https:\/\/steac.org\/wp-content\/uploads\/2023\/08\/Group-24-300x300.png 300w, https:\/\/steac.org\/wp-content\/uploads\/2023\/08\/Group-24-150x150.png 150w\" sizes=\"(max-width: 750px) 100vw, 750px\" \/>\t\t\t\t\t\t\t\t\t\t\t\t\t\t\t<\/div>\n\t\t\t\t<\/div>\n\t\t\t\t<\/div>\n\t\t\t\t<\/div>\n\t\t<div class=\"elementor-element elementor-element-77eb1ada e-flex e-con-boxed e-con e-parent\" data-id=\"77eb1ada\" data-element_type=\"container\" data-e-type=\"container\">\n\t\t\t\t\t<div class=\"e-con-inner\">\n\t\t\t\t<div class=\"elementor-element elementor-element-721e9bc2 elementor-widget elementor-widget-image\" data-id=\"721e9bc2\" data-element_type=\"widget\" data-e-type=\"widget\" data-widget_type=\"image.default\">\n\t\t\t\t<div class=\"elementor-widget-container\">\n\t\t\t\t\t\t\t\t\t\t\t\t\t\t\t<img decoding=\"async\" width=\"359\" height=\"180\" src=\"https:\/\/steac.org\/wp-content\/uploads\/2023\/07\/arrow.svg\" class=\"attachment-large size-large wp-image-2398\" alt=\"\" \/>\t\t\t\t\t\t\t\t\t\t\t\t\t\t\t<\/div>\n\t\t\t\t<\/div>\n\t\t\t\t<div class=\"elementor-element elementor-element-3ef79d8c elementor-widget elementor-widget-heading\" data-id=\"3ef79d8c\" data-element_type=\"widget\" data-e-type=\"widget\" data-widget_type=\"heading.default\">\n\t\t\t\t<div class=\"elementor-widget-container\">\n\t\t\t\t\t<h1 class=\"elementor-heading-title elementor-size-default\">historias de esteac<\/h1>\t\t\t\t<\/div>\n\t\t\t\t<\/div>\n\t\t\t\t\t<\/div>\n\t\t\t\t<\/div>\n\t\t<div class=\"elementor-element elementor-element-e435aa3 e-flex e-con-boxed e-con e-parent\" data-id=\"e435aa3\" data-element_type=\"container\" data-e-type=\"container\">\n\t\t\t\t\t<div class=\"e-con-inner\">\n\t\t\t\t\t<\/div>\n\t\t\t\t<\/div>\n\t\t<div class=\"elementor-element elementor-element-371fa8b e-flex e-con-boxed e-con e-parent\" data-id=\"371fa8b\" data-element_type=\"container\" data-e-type=\"container\" data-settings=\"{&quot;background_background&quot;:&quot;classic&quot;}\">\n\t\t\t\t\t<div class=\"e-con-inner\">\n\t\t\t\t<div class=\"elementor-element elementor-element-4bdc303 elementor-widget elementor-widget-image\" data-id=\"4bdc303\" data-element_type=\"widget\" data-e-type=\"widget\" data-widget_type=\"image.default\">\n\t\t\t\t<div class=\"elementor-widget-container\">\n\t\t\t\t\t\t\t\t\t\t\t\t\t\t\t<img decoding=\"async\" width=\"359\" height=\"180\" src=\"https:\/\/steac.org\/wp-content\/uploads\/2023\/07\/arrow.svg\" class=\"attachment-large size-large wp-image-2398\" alt=\"\" \/>\t\t\t\t\t\t\t\t\t\t\t\t\t\t\t<\/div>\n\t\t\t\t<\/div>\n\t\t\t\t<div class=\"elementor-element elementor-element-18dea77 elementor-widget elementor-widget-heading\" data-id=\"18dea77\" data-element_type=\"widget\" data-e-type=\"widget\" data-widget_type=\"heading.default\">\n\t\t\t\t<div class=\"elementor-widget-container\">\n\t\t\t\t\t<h1 class=\"elementor-heading-title elementor-size-default\">Pr\u00f3ximos eventos<\/h1>\t\t\t\t<\/div>\n\t\t\t\t<\/div>\n\t\t\t\t\t<\/div>\n\t\t\t\t<\/div>\n\t\t<div class=\"elementor-element elementor-element-c5a0c50 e-flex e-con-boxed e-con e-parent\" data-id=\"c5a0c50\" data-element_type=\"container\" data-e-type=\"container\" data-settings=\"{&quot;background_background&quot;:&quot;classic&quot;}\">\n\t\t\t\t\t<div class=\"e-con-inner\">\n\t\t\t\t\t<\/div>\n\t\t\t\t<\/div>\n\t\t<div class=\"elementor-element elementor-element-0bfea79 e-flex e-con-boxed e-con e-parent\" data-id=\"0bfea79\" data-element_type=\"container\" data-e-type=\"container\">\n\t\t\t\t\t<div class=\"e-con-inner\">\n\t\t\t\t<div class=\"elementor-element elementor-element-3d9bf20 elementor-widget elementor-widget-image\" data-id=\"3d9bf20\" data-element_type=\"widget\" data-e-type=\"widget\" data-widget_type=\"image.default\">\n\t\t\t\t<div class=\"elementor-widget-container\">\n\t\t\t\t\t\t\t\t\t\t\t\t\t\t\t<img decoding=\"async\" width=\"359\" height=\"180\" src=\"https:\/\/steac.org\/wp-content\/uploads\/2023\/07\/arrow.svg\" class=\"attachment-large size-large wp-image-2398\" alt=\"\" \/>\t\t\t\t\t\t\t\t\t\t\t\t\t\t\t<\/div>\n\t\t\t\t<\/div>\n\t\t\t\t<div class=\"elementor-element elementor-element-58c662d elementor-widget elementor-widget-heading\" data-id=\"58c662d\" data-element_type=\"widget\" data-e-type=\"widget\" data-widget_type=\"heading.default\">\n\t\t\t\t<div class=\"elementor-widget-container\">\n\t\t\t\t\t<h1 class=\"elementor-heading-title elementor-size-default\">Voluntarios destacados<\/h1>\t\t\t\t<\/div>\n\t\t\t\t<\/div>\n\t\t\t\t\t<\/div>\n\t\t\t\t<\/div>\n\t\t<div class=\"elementor-element elementor-element-31cdbcc e-flex e-con-boxed e-con e-parent\" data-id=\"31cdbcc\" data-element_type=\"container\" data-e-type=\"container\">\n\t\t\t\t\t<div class=\"e-con-inner\">\n\t\t\t\t\t<\/div>\n\t\t\t\t<\/div>\n\t\t\t\t<\/div>\n\t\t","protected":false},"excerpt":{"rendered":"<p>Dedicados a hacer de nuestra comunidad un lugar mejor Llega a cientos de residentes del condado de Yolo, proporcion\u00e1ndoles ayuda con el alquiler y el pago de facturas, ropa de [&hellip;]<\/p>\n","protected":false},"author":2,"featured_media":0,"parent":0,"menu_order":0,"comment_status":"closed","ping_status":"closed","template":"","meta":{"_acf_changed":false,"footnotes":""},"class_list":["post-5594","page","type-page","status-publish","hentry"],"acf":[],"yoast_head":"<!-- This site is optimized with the Yoast SEO plugin v27.6 - https:\/\/yoast.com\/product\/yoast-seo-wordpress\/ -->\n<title>Noticias - Short Term Emergency Aid Committee<\/title>\n<meta name=\"robots\" content=\"index, follow, max-snippet:-1, max-image-preview:large, max-video-preview:-1\" \/>\n<link rel=\"canonical\" href=\"https:\/\/steac.org\/news\/\" \/>\n<meta property=\"og:locale\" content=\"es_ES\" \/>\n<meta property=\"og:type\" content=\"article\" \/>\n<meta property=\"og:title\" content=\"Noticias - Short Term Emergency Aid Committee\" \/>\n<meta property=\"og:description\" content=\"Dedicados a hacer de nuestra comunidad un lugar mejor Llega a cientos de residentes del condado de Yolo, proporcion\u00e1ndoles ayuda con el alquiler y el pago de facturas, ropa de [&hellip;]\" \/>\n<meta property=\"og:url\" content=\"https:\/\/steac.org\/news\/\" \/>\n<meta property=\"og:site_name\" content=\"Short Term Emergency Aid Committee\" \/>\n<meta property=\"article:publisher\" content=\"https:\/\/www.facebook.com\/STEAC4U\" \/>\n<meta property=\"article:modified_time\" content=\"2024-01-04T22:34:47+00:00\" \/>\n<meta property=\"og:image\" content=\"https:\/\/steac.org\/wp-content\/uploads\/2023\/08\/mans-head-profile-imange-1.svg\" \/>\n<meta name=\"twitter:card\" content=\"summary_large_image\" \/>\n<meta name=\"twitter:label1\" content=\"Tiempo de lectura\" \/>\n\t<meta name=\"twitter:data1\" content=\"1 minuto\" \/>\n<script type=\"application\/ld+json\" class=\"yoast-schema-graph\">{\"@context\":\"https:\\\/\\\/schema.org\",\"@graph\":[{\"@type\":\"WebPage\",\"@id\":\"https:\\\/\\\/steac.org\\\/news\\\/\",\"url\":\"https:\\\/\\\/steac.org\\\/news\\\/\",\"name\":\"Noticias - Short Term Emergency Aid Committee\",\"isPartOf\":{\"@id\":\"https:\\\/\\\/steac.org\\\/#website\"},\"primaryImageOfPage\":{\"@id\":\"https:\\\/\\\/steac.org\\\/news\\\/#primaryimage\"},\"image\":{\"@id\":\"https:\\\/\\\/steac.org\\\/news\\\/#primaryimage\"},\"thumbnailUrl\":\"https:\\\/\\\/steac.org\\\/wp-content\\\/uploads\\\/2023\\\/08\\\/mans-head-profile-imange-1.svg\",\"datePublished\":\"2023-08-03T23:21:17+00:00\",\"dateModified\":\"2024-01-04T22:34:47+00:00\",\"breadcrumb\":{\"@id\":\"https:\\\/\\\/steac.org\\\/news\\\/#breadcrumb\"},\"inLanguage\":\"es\",\"potentialAction\":[{\"@type\":\"ReadAction\",\"target\":[\"https:\\\/\\\/steac.org\\\/news\\\/\"]}]},{\"@type\":\"ImageObject\",\"inLanguage\":\"es\",\"@id\":\"https:\\\/\\\/steac.org\\\/news\\\/#primaryimage\",\"url\":\"https:\\\/\\\/steac.org\\\/wp-content\\\/uploads\\\/2023\\\/08\\\/mans-head-profile-imange-1.svg\",\"contentUrl\":\"https:\\\/\\\/steac.org\\\/wp-content\\\/uploads\\\/2023\\\/08\\\/mans-head-profile-imange-1.svg\"},{\"@type\":\"BreadcrumbList\",\"@id\":\"https:\\\/\\\/steac.org\\\/news\\\/#breadcrumb\",\"itemListElement\":[{\"@type\":\"ListItem\",\"position\":1,\"name\":\"Home\",\"item\":\"https:\\\/\\\/steac.org\\\/\"},{\"@type\":\"ListItem\",\"position\":2,\"name\":\"Noticias\"}]},{\"@type\":\"WebSite\",\"@id\":\"https:\\\/\\\/steac.org\\\/#website\",\"url\":\"https:\\\/\\\/steac.org\\\/\",\"name\":\"Short Term Emergency Aid Committee\",\"description\":\"To provide immediate assistance with basic necessities to Yolo County families and individuals with income below the poverty level.\",\"publisher\":{\"@id\":\"https:\\\/\\\/steac.org\\\/#organization\"},\"potentialAction\":[{\"@type\":\"SearchAction\",\"target\":{\"@type\":\"EntryPoint\",\"urlTemplate\":\"https:\\\/\\\/steac.org\\\/?s={search_term_string}\"},\"query-input\":{\"@type\":\"PropertyValueSpecification\",\"valueRequired\":true,\"valueName\":\"search_term_string\"}}],\"inLanguage\":\"es\"},{\"@type\":\"Organization\",\"@id\":\"https:\\\/\\\/steac.org\\\/#organization\",\"name\":\"Short Term Emergency Aid Committee\",\"url\":\"https:\\\/\\\/steac.org\\\/\",\"logo\":{\"@type\":\"ImageObject\",\"inLanguage\":\"es\",\"@id\":\"https:\\\/\\\/steac.org\\\/#\\\/schema\\\/logo\\\/image\\\/\",\"url\":\"https:\\\/\\\/steac.org\\\/wp-content\\\/uploads\\\/2023\\\/07\\\/Asset-9.svg\",\"contentUrl\":\"https:\\\/\\\/steac.org\\\/wp-content\\\/uploads\\\/2023\\\/07\\\/Asset-9.svg\",\"width\":1626,\"height\":472,\"caption\":\"Short Term Emergency Aid Committee\"},\"image\":{\"@id\":\"https:\\\/\\\/steac.org\\\/#\\\/schema\\\/logo\\\/image\\\/\"},\"sameAs\":[\"https:\\\/\\\/www.facebook.com\\\/STEAC4U\"]}]}<\/script>\n<!-- \/ Yoast SEO plugin. -->","yoast_head_json":{"title":"Noticias - Short Term Emergency Aid Committee","robots":{"index":"index","follow":"follow","max-snippet":"max-snippet:-1","max-image-preview":"max-image-preview:large","max-video-preview":"max-video-preview:-1"},"canonical":"https:\/\/steac.org\/news\/","og_locale":"es_ES","og_type":"article","og_title":"Noticias - Short Term Emergency Aid Committee","og_description":"Dedicados a hacer de nuestra comunidad un lugar mejor Llega a cientos de residentes del condado de Yolo, proporcion\u00e1ndoles ayuda con el alquiler y el pago de facturas, ropa de [&hellip;]","og_url":"https:\/\/steac.org\/news\/","og_site_name":"Short Term Emergency Aid Committee","article_publisher":"https:\/\/www.facebook.com\/STEAC4U","article_modified_time":"2024-01-04T22:34:47+00:00","og_image":[{"url":"https:\/\/steac.org\/wp-content\/uploads\/2023\/08\/mans-head-profile-imange-1.svg","type":"","width":"","height":""}],"twitter_card":"summary_large_image","twitter_misc":{"Tiempo de lectura":"1 minuto"},"schema":{"@context":"https:\/\/schema.org","@graph":[{"@type":"WebPage","@id":"https:\/\/steac.org\/news\/","url":"https:\/\/steac.org\/news\/","name":"Noticias - Short Term Emergency Aid Committee","isPartOf":{"@id":"https:\/\/steac.org\/#website"},"primaryImageOfPage":{"@id":"https:\/\/steac.org\/news\/#primaryimage"},"image":{"@id":"https:\/\/steac.org\/news\/#primaryimage"},"thumbnailUrl":"https:\/\/steac.org\/wp-content\/uploads\/2023\/08\/mans-head-profile-imange-1.svg","datePublished":"2023-08-03T23:21:17+00:00","dateModified":"2024-01-04T22:34:47+00:00","breadcrumb":{"@id":"https:\/\/steac.org\/news\/#breadcrumb"},"inLanguage":"es","potentialAction":[{"@type":"ReadAction","target":["https:\/\/steac.org\/news\/"]}]},{"@type":"ImageObject","inLanguage":"es","@id":"https:\/\/steac.org\/news\/#primaryimage","url":"https:\/\/steac.org\/wp-content\/uploads\/2023\/08\/mans-head-profile-imange-1.svg","contentUrl":"https:\/\/steac.org\/wp-content\/uploads\/2023\/08\/mans-head-profile-imange-1.svg"},{"@type":"BreadcrumbList","@id":"https:\/\/steac.org\/news\/#breadcrumb","itemListElement":[{"@type":"ListItem","position":1,"name":"Home","item":"https:\/\/steac.org\/"},{"@type":"ListItem","position":2,"name":"Noticias"}]},{"@type":"WebSite","@id":"https:\/\/steac.org\/#website","url":"https:\/\/steac.org\/","name":"Short Term Emergency Aid Committee","description":"To provide immediate assistance with basic necessities to Yolo County families and individuals with income below the poverty level.","publisher":{"@id":"https:\/\/steac.org\/#organization"},"potentialAction":[{"@type":"SearchAction","target":{"@type":"EntryPoint","urlTemplate":"https:\/\/steac.org\/?s={search_term_string}"},"query-input":{"@type":"PropertyValueSpecification","valueRequired":true,"valueName":"search_term_string"}}],"inLanguage":"es"},{"@type":"Organization","@id":"https:\/\/steac.org\/#organization","name":"Short Term Emergency Aid Committee","url":"https:\/\/steac.org\/","logo":{"@type":"ImageObject","inLanguage":"es","@id":"https:\/\/steac.org\/#\/schema\/logo\/image\/","url":"https:\/\/steac.org\/wp-content\/uploads\/2023\/07\/Asset-9.svg","contentUrl":"https:\/\/steac.org\/wp-content\/uploads\/2023\/07\/Asset-9.svg","width":1626,"height":472,"caption":"Short Term Emergency Aid Committee"},"image":{"@id":"https:\/\/steac.org\/#\/schema\/logo\/image\/"},"sameAs":["https:\/\/www.facebook.com\/STEAC4U"]}]}},"_links":{"self":[{"href":"https:\/\/steac.org\/es\/wp-json\/wp\/v2\/pages\/5594","targetHints":{"allow":["GET"]}}],"collection":[{"href":"https:\/\/steac.org\/es\/wp-json\/wp\/v2\/pages"}],"about":[{"href":"https:\/\/steac.org\/es\/wp-json\/wp\/v2\/types\/page"}],"author":[{"embeddable":true,"href":"https:\/\/steac.org\/es\/wp-json\/wp\/v2\/users\/2"}],"replies":[{"embeddable":true,"href":"https:\/\/steac.org\/es\/wp-json\/wp\/v2\/comments?post=5594"}],"version-history":[{"count":4,"href":"https:\/\/steac.org\/es\/wp-json\/wp\/v2\/pages\/5594\/revisions"}],"predecessor-version":[{"id":6054,"href":"https:\/\/steac.org\/es\/wp-json\/wp\/v2\/pages\/5594\/revisions\/6054"}],"wp:attachment":[{"href":"https:\/\/steac.org\/es\/wp-json\/wp\/v2\/media?parent=5594"}],"curies":[{"name":"wp","href":"https:\/\/api.w.org\/{rel}","templated":true}]}}